{"id":916,"date":"2021-11-24T20:31:08","date_gmt":"2021-11-24T20:31:08","guid":{"rendered":"http:\/\/hilmaafklint.se.loopiadns.com\/om-stiftelsen\/"},"modified":"2024-11-28T13:44:50","modified_gmt":"2024-11-28T13:44:50","slug":"om-stiftelsen","status":"publish","type":"page","link":"https:\/\/hilmaafklint.se\/sv\/om-stiftelsen\/","title":{"rendered":"Om Stiftelsen"},"content":{"rendered":"\t\t<div data-elementor-type=\"wp-page\" data-elementor-id=\"916\" class=\"elementor elementor-916 elementor-46\">\n\t\t\t\t\t\t<section class=\"elementor-section elementor-top-section elementor-element elementor-element-dcdb960 elementor-section-boxed elementor-section-height-default elementor-section-height-default\" data-id=\"dcdb960\" data-element_type=\"section\" data-e-type=\"section\">\n\t\t\t\t\t\t<div class=\"elementor-container elementor-column-gap-default\">\n\t\t\t\t\t<div class=\"elementor-column elementor-col-100 elementor-top-column elementor-element elementor-element-4cbc483\" data-id=\"4cbc483\" data-element_type=\"column\" data-e-type=\"column\">\n\t\t\t<div class=\"elementor-widget-wrap elementor-element-populated\">\n\t\t\t\t\t\t\t<\/div>\n\t\t<\/div>\n\t\t\t\t\t<\/div>\n\t\t<\/section>\n\t\t\t\t<section class=\"elementor-section elementor-top-section elementor-element elementor-element-dde37a9 elementor-section-full_width elementor-section-height-default elementor-section-height-default\" data-id=\"dde37a9\" data-element_type=\"section\" data-e-type=\"section\">\n\t\t\t\t\t\t<div class=\"elementor-container elementor-column-gap-default\">\n\t\t\t\t\t<div class=\"elementor-column elementor-col-100 elementor-top-column elementor-element elementor-element-62280c3\" data-id=\"62280c3\" data-element_type=\"column\" data-e-type=\"column\">\n\t\t\t<div class=\"elementor-widget-wrap elementor-element-populated\">\n\t\t\t\t\t\t<div class=\"elementor-element elementor-element-7c860cf elementor-widget elementor-widget-image\" data-id=\"7c860cf\" data-element_type=\"widget\" data-e-type=\"widget\" data-widget_type=\"image.default\">\n\t\t\t\t<div class=\"elementor-widget-container\">\n\t\t\t\t\t\t\t\t\t\t\t\t\t\t\t<img fetchpriority=\"high\" decoding=\"async\" width=\"2400\" height=\"1500\" src=\"https:\/\/hilmaafklint.se\/wp-content\/uploads\/U2013_1_74.jpg\" class=\"attachment-full size-full wp-image-1259\" alt=\"\" srcset=\"https:\/\/hilmaafklint.se\/wp-content\/uploads\/U2013_1_74.jpg 2400w, https:\/\/hilmaafklint.se\/wp-content\/uploads\/U2013_1_74-1200x750.jpg 1200w, https:\/\/hilmaafklint.se\/wp-content\/uploads\/U2013_1_74-900x563.jpg 900w, https:\/\/hilmaafklint.se\/wp-content\/uploads\/U2013_1_74-768x480.jpg 768w, https:\/\/hilmaafklint.se\/wp-content\/uploads\/U2013_1_74-1536x960.jpg 1536w, https:\/\/hilmaafklint.se\/wp-content\/uploads\/U2013_1_74-2048x1280.jpg 2048w\" sizes=\"(max-width: 2400px) 100vw, 2400px\" \/>\t\t\t\t\t\t\t\t\t\t\t\t\t\t\t<\/div>\n\t\t\t\t<\/div>\n\t\t\t\t\t<\/div>\n\t\t<\/div>\n\t\t\t\t\t<\/div>\n\t\t<\/section>\n\t\t\t\t<section class=\"elementor-section elementor-top-section elementor-element elementor-element-a989b5b elementor-section-boxed elementor-section-height-default elementor-section-height-default\" data-id=\"a989b5b\" data-element_type=\"section\" data-e-type=\"section\">\n\t\t\t\t\t\t<div class=\"elementor-container elementor-column-gap-default\">\n\t\t\t\t\t<div class=\"elementor-column elementor-col-100 elementor-top-column elementor-element elementor-element-3707cdd\" data-id=\"3707cdd\" data-element_type=\"column\" data-e-type=\"column\">\n\t\t\t<div class=\"elementor-widget-wrap elementor-element-populated\">\n\t\t\t\t\t\t<div class=\"elementor-element elementor-element-662d878 elementor-widget elementor-widget-text-editor\" data-id=\"662d878\" data-element_type=\"widget\" data-e-type=\"widget\" data-widget_type=\"text-editor.default\">\n\t\t\t\t<div class=\"elementor-widget-container\">\n\t\t\t\t\t\t\t\t\t<p>Foto: \u00c5sa Lund\u00e9n \/ Moderna Museet<\/p>\n\t\t\t\t\t\t\t\t<\/div>\n\t\t\t\t<\/div>\n\t\t\t\t<div class=\"elementor-element elementor-element-ee406ff elementor-widget elementor-widget-text-editor\" data-id=\"ee406ff\" data-element_type=\"widget\" data-e-type=\"widget\" data-widget_type=\"text-editor.default\">\n\t\t\t\t<div class=\"elementor-widget-container\">\n\t\t\t\t\t\t\t\t\t<p><strong>Stiftelsen Hilma af Klints Verk \u00e4r en icke-vinstdrivande organisation, grundad av Erik af Klint januari 1972.<\/strong><\/p>\n<p>Syftet f\u00f6r Stiftelsens verksamhet \u00e4r att enligt stadgarna tillvarata och f\u00f6rvalta Hilma af Klints efterl\u00e4mnade verk. Stiftelsen uppmuntrar och st\u00f6djer den akademiska forskningen runt Hilma af Klint och hennes arbete. Verksamheten finansieras genom egenint\u00e4kter och privat st\u00f6d.<\/p>\n<p>Stiftelsen \u00e4ger konstn\u00e4rinnan Hilma af Klints m\u00e5lningar inom abstrakt konst och andra alster (skisser, skissb\u00f6cker, anteckningsb\u00f6cker och annat betydande material enligt hennes testamente), numrerade enligt den f\u00f6rteckning som upptecknades av Olof Sundstr\u00f6m 1945.<\/p>\n<p>Stiftelsen Hilma af Klints Verk ut\u00f6var i dagsl\u00e4get ingen museal verksamhet, men har ett l\u00e5ngsiktigt samarbetsavtal med Moderna Museet i Stockholm. Detta avtal bekr\u00e4ftar att verk av Hilma af Klint alltid visas i museets samling. Samarbetet med museet och dess personal s\u00e4kerst\u00e4ller \u00e4ven professionell sakkunskap till verksamheten inom Stiftelsen Hilma af Klints Verk.<\/p>\n\t\t\t\t\t\t\t\t<\/div>\n\t\t\t\t<\/div>\n\t\t\t\t\t<\/div>\n\t\t<\/div>\n\t\t\t\t\t<\/div>\n\t\t<\/section>\n\t\t\t\t<section class=\"elementor-section elementor-top-section elementor-element elementor-element-9762094 elementor-section-boxed elementor-section-height-default elementor-section-height-default\" data-id=\"9762094\" data-element_type=\"section\" data-e-type=\"section\">\n\t\t\t\t\t\t<div class=\"elementor-container elementor-column-gap-default\">\n\t\t\t\t\t<div class=\"elementor-column elementor-col-33 elementor-top-column elementor-element elementor-element-4ec6c4a\" data-id=\"4ec6c4a\" data-element_type=\"column\" data-e-type=\"column\">\n\t\t\t<div class=\"elementor-widget-wrap elementor-element-populated\">\n\t\t\t\t\t\t<div class=\"elementor-element elementor-element-00a2cee elementor-widget elementor-widget-image\" data-id=\"00a2cee\" data-element_type=\"widget\" data-e-type=\"widget\" data-widget_type=\"image.default\">\n\t\t\t\t<div class=\"elementor-widget-container\">\n\t\t\t\t\t\t\t\t\t\t\t\t\t\t\t\t<a href=\"\/wp-content\/uploads\/Hafk-testamente.pdf\">\n\t\t\t\t\t\t\t<img decoding=\"async\" width=\"900\" height=\"563\" src=\"https:\/\/hilmaafklint.se\/wp-content\/uploads\/illust-014.jpg\" class=\"attachment-full size-full wp-image-933\" alt=\"\" srcset=\"https:\/\/hilmaafklint.se\/wp-content\/uploads\/illust-014.jpg 900w, https:\/\/hilmaafklint.se\/wp-content\/uploads\/illust-014-768x480.jpg 768w\" sizes=\"(max-width: 900px) 100vw, 900px\" \/>\t\t\t\t\t\t\t\t<\/a>\n\t\t\t\t\t\t\t\t\t\t\t\t\t\t\t<\/div>\n\t\t\t\t<\/div>\n\t\t\t\t<div class=\"elementor-element elementor-element-a8fb345 elementor-widget elementor-widget-heading\" data-id=\"a8fb345\" data-element_type=\"widget\" data-e-type=\"widget\" data-widget_type=\"heading.default\">\n\t\t\t\t<div class=\"elementor-widget-container\">\n\t\t\t\t\t<h3 class=\"elementor-heading-title elementor-size-default\">Testamente<\/h3>\t\t\t\t<\/div>\n\t\t\t\t<\/div>\n\t\t\t\t<div class=\"elementor-element elementor-element-9abf927 elementor-widget elementor-widget-button\" data-id=\"9abf927\" data-element_type=\"widget\" data-e-type=\"widget\" data-widget_type=\"button.default\">\n\t\t\t\t<div class=\"elementor-widget-container\">\n\t\t\t\t\t\t\t\t\t<div class=\"elementor-button-wrapper\">\n\t\t\t\t\t<a class=\"elementor-button elementor-button-link elementor-size-sm\" href=\"\/wp-content\/uploads\/Hafk-testamente.pdf\">\n\t\t\t\t\t\t<span class=\"elementor-button-content-wrapper\">\n\t\t\t\t\t\t\t\t\t<span class=\"elementor-button-text\">Se Hilma Af Klints testamente<\/span>\n\t\t\t\t\t<\/span>\n\t\t\t\t\t<\/a>\n\t\t\t\t<\/div>\n\t\t\t\t\t\t\t\t<\/div>\n\t\t\t\t<\/div>\n\t\t\t\t\t<\/div>\n\t\t<\/div>\n\t\t\t\t<div class=\"elementor-column elementor-col-33 elementor-top-column elementor-element elementor-element-01bace8\" data-id=\"01bace8\" data-element_type=\"column\" data-e-type=\"column\">\n\t\t\t<div class=\"elementor-widget-wrap elementor-element-populated\">\n\t\t\t\t\t\t<div class=\"elementor-element elementor-element-8dfcaad elementor-widget elementor-widget-image\" data-id=\"8dfcaad\" data-element_type=\"widget\" data-e-type=\"widget\" data-widget_type=\"image.default\">\n\t\t\t\t<div class=\"elementor-widget-container\">\n\t\t\t\t\t\t\t\t\t\t\t\t\t\t\t\t<a href=\"\/wp-content\/uploads\/wm-SHAKV_stadgar-optimized.pdf\">\n\t\t\t\t\t\t\t<img decoding=\"async\" width=\"2400\" height=\"1500\" src=\"https:\/\/hilmaafklint.se\/wp-content\/uploads\/U2013_1_34.jpg\" class=\"attachment-full size-full wp-image-1264\" alt=\"\" srcset=\"https:\/\/hilmaafklint.se\/wp-content\/uploads\/U2013_1_34.jpg 2400w, https:\/\/hilmaafklint.se\/wp-content\/uploads\/U2013_1_34-1200x750.jpg 1200w, https:\/\/hilmaafklint.se\/wp-content\/uploads\/U2013_1_34-900x563.jpg 900w, https:\/\/hilmaafklint.se\/wp-content\/uploads\/U2013_1_34-768x480.jpg 768w, https:\/\/hilmaafklint.se\/wp-content\/uploads\/U2013_1_34-1536x960.jpg 1536w, https:\/\/hilmaafklint.se\/wp-content\/uploads\/U2013_1_34-2048x1280.jpg 2048w\" sizes=\"(max-width: 2400px) 100vw, 2400px\" \/>\t\t\t\t\t\t\t\t<\/a>\n\t\t\t\t\t\t\t\t\t\t\t\t\t\t\t<\/div>\n\t\t\t\t<\/div>\n\t\t\t\t<div class=\"elementor-element elementor-element-da20973 elementor-widget elementor-widget-heading\" data-id=\"da20973\" data-element_type=\"widget\" data-e-type=\"widget\" data-widget_type=\"heading.default\">\n\t\t\t\t<div class=\"elementor-widget-container\">\n\t\t\t\t\t<h3 class=\"elementor-heading-title elementor-size-default\">Stadgar<\/h3>\t\t\t\t<\/div>\n\t\t\t\t<\/div>\n\t\t\t\t<div class=\"elementor-element elementor-element-3844045 elementor-widget elementor-widget-button\" data-id=\"3844045\" data-element_type=\"widget\" data-e-type=\"widget\" data-widget_type=\"button.default\">\n\t\t\t\t<div class=\"elementor-widget-container\">\n\t\t\t\t\t\t\t\t\t<div class=\"elementor-button-wrapper\">\n\t\t\t\t\t<a class=\"elementor-button elementor-button-link elementor-size-sm\" href=\"\/wp-content\/uploads\/wm-SHAKV_stadgar-optimized.pdf\">\n\t\t\t\t\t\t<span class=\"elementor-button-content-wrapper\">\n\t\t\t\t\t\t\t\t\t<span class=\"elementor-button-text\">Se stadgarna<\/span>\n\t\t\t\t\t<\/span>\n\t\t\t\t\t<\/a>\n\t\t\t\t<\/div>\n\t\t\t\t\t\t\t\t<\/div>\n\t\t\t\t<\/div>\n\t\t\t\t\t<\/div>\n\t\t<\/div>\n\t\t\t\t<div class=\"elementor-column elementor-col-33 elementor-top-column elementor-element elementor-element-3695f12\" data-id=\"3695f12\" data-element_type=\"column\" data-e-type=\"column\">\n\t\t\t<div class=\"elementor-widget-wrap elementor-element-populated\">\n\t\t\t\t\t\t<div class=\"elementor-element elementor-element-c0eb5b0 elementor-widget elementor-widget-image\" data-id=\"c0eb5b0\" data-element_type=\"widget\" data-e-type=\"widget\" data-widget_type=\"image.default\">\n\t\t\t\t<div class=\"elementor-widget-container\">\n\t\t\t\t\t\t\t\t\t\t\t\t\t\t\t\t<a href=\"https:\/\/hilmaafklint.se\/sv\/om-styrelsen\/\">\n\t\t\t\t\t\t\t<img loading=\"lazy\" decoding=\"async\" width=\"2400\" height=\"1500\" src=\"https:\/\/hilmaafklint.se\/wp-content\/uploads\/HaK612-kopiera-1-1.jpg\" class=\"attachment-full size-full wp-image-2077\" alt=\"\" srcset=\"https:\/\/hilmaafklint.se\/wp-content\/uploads\/HaK612-kopiera-1-1.jpg 2400w, https:\/\/hilmaafklint.se\/wp-content\/uploads\/HaK612-kopiera-1-1-1200x750.jpg 1200w, https:\/\/hilmaafklint.se\/wp-content\/uploads\/HaK612-kopiera-1-1-900x563.jpg 900w, https:\/\/hilmaafklint.se\/wp-content\/uploads\/HaK612-kopiera-1-1-768x480.jpg 768w, https:\/\/hilmaafklint.se\/wp-content\/uploads\/HaK612-kopiera-1-1-1536x960.jpg 1536w, https:\/\/hilmaafklint.se\/wp-content\/uploads\/HaK612-kopiera-1-1-2048x1280.jpg 2048w\" sizes=\"(max-width: 2400px) 100vw, 2400px\" \/>\t\t\t\t\t\t\t\t<\/a>\n\t\t\t\t\t\t\t\t\t\t\t\t\t\t\t<\/div>\n\t\t\t\t<\/div>\n\t\t\t\t<div class=\"elementor-element elementor-element-7349970 elementor-widget elementor-widget-heading\" data-id=\"7349970\" data-element_type=\"widget\" data-e-type=\"widget\" data-widget_type=\"heading.default\">\n\t\t\t\t<div class=\"elementor-widget-container\">\n\t\t\t\t\t<h3 class=\"elementor-heading-title elementor-size-default\">Styrelsen<\/h3>\t\t\t\t<\/div>\n\t\t\t\t<\/div>\n\t\t\t\t<div class=\"elementor-element elementor-element-fef70b2 elementor-widget elementor-widget-button\" data-id=\"fef70b2\" data-element_type=\"widget\" data-e-type=\"widget\" data-widget_type=\"button.default\">\n\t\t\t\t<div class=\"elementor-widget-container\">\n\t\t\t\t\t\t\t\t\t<div class=\"elementor-button-wrapper\">\n\t\t\t\t\t<a class=\"elementor-button elementor-button-link elementor-size-sm\" href=\"\/sv\/om-styrelsen\/\">\n\t\t\t\t\t\t<span class=\"elementor-button-content-wrapper\">\n\t\t\t\t\t\t\t\t\t<span class=\"elementor-button-text\">Information fr\u00e5n styrelsen<\/span>\n\t\t\t\t\t<\/span>\n\t\t\t\t\t<\/a>\n\t\t\t\t<\/div>\n\t\t\t\t\t\t\t\t<\/div>\n\t\t\t\t<\/div>\n\t\t\t\t\t<\/div>\n\t\t<\/div>\n\t\t\t\t\t<\/div>\n\t\t<\/section>\n\t\t\t\t<section class=\"elementor-section elementor-top-section elementor-element elementor-element-362ba3d elementor-section-boxed elementor-section-height-default elementor-section-height-default\" data-id=\"362ba3d\" data-element_type=\"section\" data-e-type=\"section\">\n\t\t\t\t\t\t<div class=\"elementor-container elementor-column-gap-default\">\n\t\t\t\t\t<div class=\"elementor-column elementor-col-50 elementor-top-column elementor-element elementor-element-34cd638\" data-id=\"34cd638\" data-element_type=\"column\" data-e-type=\"column\">\n\t\t\t<div class=\"elementor-widget-wrap elementor-element-populated\">\n\t\t\t\t\t\t<div class=\"elementor-element elementor-element-9248196 elementor-widget elementor-widget-heading\" data-id=\"9248196\" data-element_type=\"widget\" data-e-type=\"widget\" data-widget_type=\"heading.default\">\n\t\t\t\t<div class=\"elementor-widget-container\">\n\t\t\t\t\t<h3 class=\"elementor-heading-title elementor-size-default\">Kontakt<\/h3>\t\t\t\t<\/div>\n\t\t\t\t<\/div>\n\t\t\t\t<div class=\"elementor-element elementor-element-de709a5 elementor-widget elementor-widget-text-editor\" data-id=\"de709a5\" data-element_type=\"widget\" data-e-type=\"widget\" data-widget_type=\"text-editor.default\">\n\t\t\t\t<div class=\"elementor-widget-container\">\n\t\t\t\t\t\t\t\t\t<p>F\u00f6r allm\u00e4nna fr\u00e5gor, kontakta <span style=\"text-decoration: underline;\"><a href=\"mailto:info@hilmaafklint.se\">info@hilmaafklint.se<\/a><\/span>.<\/p>\n\t\t\t\t\t\t\t\t<\/div>\n\t\t\t\t<\/div>\n\t\t\t\t<section class=\"elementor-section elementor-inner-section elementor-element elementor-element-65831b8 elementor-section-boxed elementor-section-height-default elementor-section-height-default\" data-id=\"65831b8\" data-element_type=\"section\" data-e-type=\"section\">\n\t\t\t\t\t\t<div class=\"elementor-container elementor-column-gap-default\">\n\t\t\t\t\t<div class=\"elementor-column elementor-col-50 elementor-inner-column elementor-element elementor-element-ac0bf4b\" data-id=\"ac0bf4b\" data-element_type=\"column\" data-e-type=\"column\">\n\t\t\t<div class=\"elementor-widget-wrap elementor-element-populated\">\n\t\t\t\t\t\t<div class=\"elementor-element elementor-element-6688fd5 elementor-widget elementor-widget-text-editor\" data-id=\"6688fd5\" data-element_type=\"widget\" data-e-type=\"widget\" data-widget_type=\"text-editor.default\">\n\t\t\t\t<div class=\"elementor-widget-container\">\n\t\t\t\t\t\t\t\t\t<p><strong>Postadress<\/strong><\/p>\n<p>Stiftelsen Hilma af Klints Verk<br \/><span style=\"color: var( --e-global-color-primary ); font-size: 1rem;\">c\/o Moderna Museet<br \/><\/span>Box 16382<br \/>SE-103 27 Stockholm <\/p>\n\t\t\t\t\t\t\t\t<\/div>\n\t\t\t\t<\/div>\n\t\t\t\t\t<\/div>\n\t\t<\/div>\n\t\t\t\t<div class=\"elementor-column elementor-col-50 elementor-inner-column elementor-element elementor-element-e4e4e45\" data-id=\"e4e4e45\" data-element_type=\"column\" data-e-type=\"column\">\n\t\t\t<div class=\"elementor-widget-wrap elementor-element-populated\">\n\t\t\t\t\t\t<div class=\"elementor-element elementor-element-4cddb99 elementor-widget elementor-widget-text-editor\" data-id=\"4cddb99\" data-element_type=\"widget\" data-e-type=\"widget\" data-widget_type=\"text-editor.default\">\n\t\t\t\t<div class=\"elementor-widget-container\">\n\t\t\t\t\t\t\t\t\t<p><strong>Leveransadress<\/strong><\/p>\n<p>Stiftelsen Hilma af Klints Verk<br \/>c\/o Moderna Museet<br \/>Slupskjulsv\u00e4gen 7\u20139<br \/>111 49 Stockholm<\/p>\n\t\t\t\t\t\t\t\t<\/div>\n\t\t\t\t<\/div>\n\t\t\t\t\t<\/div>\n\t\t<\/div>\n\t\t\t\t\t<\/div>\n\t\t<\/section>\n\t\t\t\t\t<\/div>\n\t\t<\/div>\n\t\t\t\t<div class=\"elementor-column elementor-col-50 elementor-top-column elementor-element elementor-element-71595ad\" data-id=\"71595ad\" data-element_type=\"column\" data-e-type=\"column\">\n\t\t\t<div class=\"elementor-widget-wrap\">\n\t\t\t\t\t\t\t<\/div>\n\t\t<\/div>\n\t\t\t\t\t<\/div>\n\t\t<\/section>\n\t\t\t\t<\/div>\n\t\t","protected":false},"excerpt":{"rendered":"<p>Foto: \u00c5sa Lund\u00e9n \/ Moderna Museet Stiftelsen Hilma af Klints Verk \u00e4r en icke-vinstdrivande organisation, grundad av Erik af Klint januari 1972. Syftet f\u00f6r Stiftelsens verksamhet \u00e4r att enligt stadgarna tillvarata och f\u00f6rvalta Hilma af Klints efterl\u00e4mnade verk. Stiftelsen uppmuntrar och st\u00f6djer den akademiska forskningen runt Hilma af Klint och hennes arbete. Verksamheten finansieras genom [&hellip;]<\/p>\n","protected":false},"author":1,"featured_media":0,"parent":0,"menu_order":0,"comment_status":"closed","ping_status":"closed","template":"elementor_header_footer","meta":{"_acf_changed":false,"footnotes":""},"class_list":["post-916","page","type-page","status-publish","hentry"],"acf":[],"yoast_head":"<!-- This site is optimized with the Yoast SEO plugin v27.4 - https:\/\/yoast.com\/product\/yoast-seo-wordpress\/ -->\n<title>Om Stiftelsen - Hilma af Klint Foundation<\/title>\n<meta name=\"robots\" content=\"index, follow, max-snippet:-1, max-image-preview:large, max-video-preview:-1\" \/>\n<link rel=\"canonical\" href=\"https:\/\/hilmaafklint.se\/sv\/om-stiftelsen\/\" \/>\n<meta property=\"og:locale\" content=\"sv_SE\" \/>\n<meta property=\"og:type\" content=\"article\" \/>\n<meta property=\"og:title\" content=\"Om Stiftelsen - Hilma af Klint Foundation\" \/>\n<meta property=\"og:description\" content=\"Foto: \u00c5sa Lund\u00e9n \/ Moderna Museet Stiftelsen Hilma af Klints Verk \u00e4r en icke-vinstdrivande organisation, grundad av Erik af Klint januari 1972. Syftet f\u00f6r Stiftelsens verksamhet \u00e4r att enligt stadgarna tillvarata och f\u00f6rvalta Hilma af Klints efterl\u00e4mnade verk. Stiftelsen uppmuntrar och st\u00f6djer den akademiska forskningen runt Hilma af Klint och hennes arbete. Verksamheten finansieras genom [&hellip;]\" \/>\n<meta property=\"og:url\" content=\"https:\/\/hilmaafklint.se\/sv\/om-stiftelsen\/\" \/>\n<meta property=\"og:site_name\" content=\"Hilma af Klint Foundation\" \/>\n<meta property=\"article:modified_time\" content=\"2024-11-28T13:44:50+00:00\" \/>\n<meta property=\"og:image\" content=\"https:\/\/hilmaafklint.se\/wp-content\/uploads\/U2013_1_74.jpg\" \/>\n<meta name=\"twitter:card\" content=\"summary_large_image\" \/>\n<meta name=\"twitter:label1\" content=\"Ber\u00e4knad l\u00e4stid\" \/>\n\t<meta name=\"twitter:data1\" content=\"2 minuter\" \/>\n<script type=\"application\/ld+json\" class=\"yoast-schema-graph\">{\"@context\":\"https:\\\/\\\/schema.org\",\"@graph\":[{\"@type\":\"WebPage\",\"@id\":\"https:\\\/\\\/hilmaafklint.se\\\/sv\\\/om-stiftelsen\\\/\",\"url\":\"https:\\\/\\\/hilmaafklint.se\\\/sv\\\/om-stiftelsen\\\/\",\"name\":\"Om Stiftelsen - Hilma af Klint Foundation\",\"isPartOf\":{\"@id\":\"https:\\\/\\\/hilmaafklint.se\\\/sv\\\/#website\"},\"primaryImageOfPage\":{\"@id\":\"https:\\\/\\\/hilmaafklint.se\\\/sv\\\/om-stiftelsen\\\/#primaryimage\"},\"image\":{\"@id\":\"https:\\\/\\\/hilmaafklint.se\\\/sv\\\/om-stiftelsen\\\/#primaryimage\"},\"thumbnailUrl\":\"https:\\\/\\\/hilmaafklint.se\\\/wp-content\\\/uploads\\\/U2013_1_74.jpg\",\"datePublished\":\"2021-11-24T20:31:08+00:00\",\"dateModified\":\"2024-11-28T13:44:50+00:00\",\"breadcrumb\":{\"@id\":\"https:\\\/\\\/hilmaafklint.se\\\/sv\\\/om-stiftelsen\\\/#breadcrumb\"},\"inLanguage\":\"sv-SE\",\"potentialAction\":[{\"@type\":\"ReadAction\",\"target\":[\"https:\\\/\\\/hilmaafklint.se\\\/sv\\\/om-stiftelsen\\\/\"]}]},{\"@type\":\"ImageObject\",\"inLanguage\":\"sv-SE\",\"@id\":\"https:\\\/\\\/hilmaafklint.se\\\/sv\\\/om-stiftelsen\\\/#primaryimage\",\"url\":\"https:\\\/\\\/hilmaafklint.se\\\/wp-content\\\/uploads\\\/U2013_1_74.jpg\",\"contentUrl\":\"https:\\\/\\\/hilmaafklint.se\\\/wp-content\\\/uploads\\\/U2013_1_74.jpg\"},{\"@type\":\"BreadcrumbList\",\"@id\":\"https:\\\/\\\/hilmaafklint.se\\\/sv\\\/om-stiftelsen\\\/#breadcrumb\",\"itemListElement\":[{\"@type\":\"ListItem\",\"position\":1,\"name\":\"Home\",\"item\":\"https:\\\/\\\/hilmaafklint.se\\\/sv\\\/\"},{\"@type\":\"ListItem\",\"position\":2,\"name\":\"Om Stiftelsen\"}]},{\"@type\":\"WebSite\",\"@id\":\"https:\\\/\\\/hilmaafklint.se\\\/sv\\\/#website\",\"url\":\"https:\\\/\\\/hilmaafklint.se\\\/sv\\\/\",\"name\":\"Hilma af Klint Foundation\",\"description\":\"\",\"publisher\":{\"@id\":\"https:\\\/\\\/hilmaafklint.se\\\/sv\\\/#organization\"},\"potentialAction\":[{\"@type\":\"SearchAction\",\"target\":{\"@type\":\"EntryPoint\",\"urlTemplate\":\"https:\\\/\\\/hilmaafklint.se\\\/sv\\\/?s={search_term_string}\"},\"query-input\":{\"@type\":\"PropertyValueSpecification\",\"valueRequired\":true,\"valueName\":\"search_term_string\"}}],\"inLanguage\":\"sv-SE\"},{\"@type\":\"Organization\",\"@id\":\"https:\\\/\\\/hilmaafklint.se\\\/sv\\\/#organization\",\"name\":\"Hilma af Klint Foundation\",\"url\":\"https:\\\/\\\/hilmaafklint.se\\\/sv\\\/\",\"logo\":{\"@type\":\"ImageObject\",\"inLanguage\":\"sv-SE\",\"@id\":\"https:\\\/\\\/hilmaafklint.se\\\/sv\\\/#\\\/schema\\\/logo\\\/image\\\/\",\"url\":\"https:\\\/\\\/hilmaafklint.se\\\/wp-content\\\/uploads\\\/2021\\\/11\\\/hak-logo-1.png\",\"contentUrl\":\"https:\\\/\\\/hilmaafklint.se\\\/wp-content\\\/uploads\\\/2021\\\/11\\\/hak-logo-1.png\",\"width\":500,\"height\":124,\"caption\":\"Hilma af Klint Foundation\"},\"image\":{\"@id\":\"https:\\\/\\\/hilmaafklint.se\\\/sv\\\/#\\\/schema\\\/logo\\\/image\\\/\"}}]}<\/script>\n<!-- \/ Yoast SEO plugin. -->","yoast_head_json":{"title":"Om Stiftelsen - Hilma af Klint Foundation","robots":{"index":"index","follow":"follow","max-snippet":"max-snippet:-1","max-image-preview":"max-image-preview:large","max-video-preview":"max-video-preview:-1"},"canonical":"https:\/\/hilmaafklint.se\/sv\/om-stiftelsen\/","og_locale":"sv_SE","og_type":"article","og_title":"Om Stiftelsen - Hilma af Klint Foundation","og_description":"Foto: \u00c5sa Lund\u00e9n \/ Moderna Museet Stiftelsen Hilma af Klints Verk \u00e4r en icke-vinstdrivande organisation, grundad av Erik af Klint januari 1972. Syftet f\u00f6r Stiftelsens verksamhet \u00e4r att enligt stadgarna tillvarata och f\u00f6rvalta Hilma af Klints efterl\u00e4mnade verk. Stiftelsen uppmuntrar och st\u00f6djer den akademiska forskningen runt Hilma af Klint och hennes arbete. Verksamheten finansieras genom [&hellip;]","og_url":"https:\/\/hilmaafklint.se\/sv\/om-stiftelsen\/","og_site_name":"Hilma af Klint Foundation","article_modified_time":"2024-11-28T13:44:50+00:00","og_image":[{"url":"https:\/\/hilmaafklint.se\/wp-content\/uploads\/U2013_1_74.jpg","type":"","width":"","height":""}],"twitter_card":"summary_large_image","twitter_misc":{"Ber\u00e4knad l\u00e4stid":"2 minuter"},"schema":{"@context":"https:\/\/schema.org","@graph":[{"@type":"WebPage","@id":"https:\/\/hilmaafklint.se\/sv\/om-stiftelsen\/","url":"https:\/\/hilmaafklint.se\/sv\/om-stiftelsen\/","name":"Om Stiftelsen - Hilma af Klint Foundation","isPartOf":{"@id":"https:\/\/hilmaafklint.se\/sv\/#website"},"primaryImageOfPage":{"@id":"https:\/\/hilmaafklint.se\/sv\/om-stiftelsen\/#primaryimage"},"image":{"@id":"https:\/\/hilmaafklint.se\/sv\/om-stiftelsen\/#primaryimage"},"thumbnailUrl":"https:\/\/hilmaafklint.se\/wp-content\/uploads\/U2013_1_74.jpg","datePublished":"2021-11-24T20:31:08+00:00","dateModified":"2024-11-28T13:44:50+00:00","breadcrumb":{"@id":"https:\/\/hilmaafklint.se\/sv\/om-stiftelsen\/#breadcrumb"},"inLanguage":"sv-SE","potentialAction":[{"@type":"ReadAction","target":["https:\/\/hilmaafklint.se\/sv\/om-stiftelsen\/"]}]},{"@type":"ImageObject","inLanguage":"sv-SE","@id":"https:\/\/hilmaafklint.se\/sv\/om-stiftelsen\/#primaryimage","url":"https:\/\/hilmaafklint.se\/wp-content\/uploads\/U2013_1_74.jpg","contentUrl":"https:\/\/hilmaafklint.se\/wp-content\/uploads\/U2013_1_74.jpg"},{"@type":"BreadcrumbList","@id":"https:\/\/hilmaafklint.se\/sv\/om-stiftelsen\/#breadcrumb","itemListElement":[{"@type":"ListItem","position":1,"name":"Home","item":"https:\/\/hilmaafklint.se\/sv\/"},{"@type":"ListItem","position":2,"name":"Om Stiftelsen"}]},{"@type":"WebSite","@id":"https:\/\/hilmaafklint.se\/sv\/#website","url":"https:\/\/hilmaafklint.se\/sv\/","name":"Hilma af Klint Foundation","description":"","publisher":{"@id":"https:\/\/hilmaafklint.se\/sv\/#organization"},"potentialAction":[{"@type":"SearchAction","target":{"@type":"EntryPoint","urlTemplate":"https:\/\/hilmaafklint.se\/sv\/?s={search_term_string}"},"query-input":{"@type":"PropertyValueSpecification","valueRequired":true,"valueName":"search_term_string"}}],"inLanguage":"sv-SE"},{"@type":"Organization","@id":"https:\/\/hilmaafklint.se\/sv\/#organization","name":"Hilma af Klint Foundation","url":"https:\/\/hilmaafklint.se\/sv\/","logo":{"@type":"ImageObject","inLanguage":"sv-SE","@id":"https:\/\/hilmaafklint.se\/sv\/#\/schema\/logo\/image\/","url":"https:\/\/hilmaafklint.se\/wp-content\/uploads\/2021\/11\/hak-logo-1.png","contentUrl":"https:\/\/hilmaafklint.se\/wp-content\/uploads\/2021\/11\/hak-logo-1.png","width":500,"height":124,"caption":"Hilma af Klint Foundation"},"image":{"@id":"https:\/\/hilmaafklint.se\/sv\/#\/schema\/logo\/image\/"}}]}},"_links":{"self":[{"href":"https:\/\/hilmaafklint.se\/sv\/wp-json\/wp\/v2\/pages\/916","targetHints":{"allow":["GET"]}}],"collection":[{"href":"https:\/\/hilmaafklint.se\/sv\/wp-json\/wp\/v2\/pages"}],"about":[{"href":"https:\/\/hilmaafklint.se\/sv\/wp-json\/wp\/v2\/types\/page"}],"author":[{"embeddable":true,"href":"https:\/\/hilmaafklint.se\/sv\/wp-json\/wp\/v2\/users\/1"}],"replies":[{"embeddable":true,"href":"https:\/\/hilmaafklint.se\/sv\/wp-json\/wp\/v2\/comments?post=916"}],"version-history":[{"count":42,"href":"https:\/\/hilmaafklint.se\/sv\/wp-json\/wp\/v2\/pages\/916\/revisions"}],"predecessor-version":[{"id":2180,"href":"https:\/\/hilmaafklint.se\/sv\/wp-json\/wp\/v2\/pages\/916\/revisions\/2180"}],"wp:attachment":[{"href":"https:\/\/hilmaafklint.se\/sv\/wp-json\/wp\/v2\/media?parent=916"}],"curies":[{"name":"wp","href":"https:\/\/api.w.org\/{rel}","templated":true}]}}