{"id":908,"date":"2021-11-25T20:18:35","date_gmt":"2021-11-25T20:18:35","guid":{"rendered":"http:\/\/hilmaafklint.se.loopiadns.com\/faqs\/"},"modified":"2025-03-20T15:25:41","modified_gmt":"2025-03-20T15:25:41","slug":"faqs","status":"publish","type":"page","link":"https:\/\/hilmaafklint.se\/sv\/faqs\/","title":{"rendered":"FAQ"},"content":{"rendered":"\t\t<div data-elementor-type=\"wp-page\" data-elementor-id=\"908\" class=\"elementor elementor-908 elementor-615\">\n\t\t\t\t\t\t\t\t\t<section class=\"elementor-section elementor-top-section elementor-element elementor-element-893b192 elementor-section-boxed elementor-section-height-default elementor-section-height-default\" data-id=\"893b192\" data-element_type=\"section\">\n\t\t\t\t\t\t<div class=\"elementor-container elementor-column-gap-default\">\n\t\t\t\t\t<div class=\"elementor-column elementor-col-100 elementor-top-column elementor-element elementor-element-c03263b\" data-id=\"c03263b\" data-element_type=\"column\">\n\t\t\t<div class=\"elementor-widget-wrap elementor-element-populated\">\n\t\t\t\t\t\t\t\t\t<\/div>\n\t\t<\/div>\n\t\t\t\t\t\t\t<\/div>\n\t\t<\/section>\n\t\t\t\t<section class=\"elementor-section elementor-top-section elementor-element elementor-element-1e82259 elementor-section-boxed elementor-section-height-default elementor-section-height-default\" data-id=\"1e82259\" data-element_type=\"section\">\n\t\t\t\t\t\t<div class=\"elementor-container elementor-column-gap-default\">\n\t\t\t\t\t<div class=\"elementor-column elementor-col-100 elementor-top-column elementor-element elementor-element-bb5c3ea\" data-id=\"bb5c3ea\" data-element_type=\"column\">\n\t\t\t<div class=\"elementor-widget-wrap elementor-element-populated\">\n\t\t\t\t\t\t\t\t<div class=\"elementor-element elementor-element-a0fb984 elementor-widget elementor-widget-text-editor\" data-id=\"a0fb984\" data-element_type=\"widget\" data-widget_type=\"text-editor.default\">\n\t\t\t\t<div class=\"elementor-widget-container\">\n\t\t\t<style>\/*! elementor - v3.8.0 - 30-10-2022 *\/\n.elementor-widget-text-editor.elementor-drop-cap-view-stacked .elementor-drop-cap{background-color:#818a91;color:#fff}.elementor-widget-text-editor.elementor-drop-cap-view-framed .elementor-drop-cap{color:#818a91;border:3px solid;background-color:transparent}.elementor-widget-text-editor:not(.elementor-drop-cap-view-default) .elementor-drop-cap{margin-top:8px}.elementor-widget-text-editor:not(.elementor-drop-cap-view-default) .elementor-drop-cap-letter{width:1em;height:1em}.elementor-widget-text-editor .elementor-drop-cap{float:left;text-align:center;line-height:1;font-size:50px}.elementor-widget-text-editor .elementor-drop-cap-letter{display:inline-block}<\/style>\t\t\t\t<h4>L\u00c5N<\/h4><div>\u00a0<\/div><div><p><strong>Jag vill g\u00f6ra en utst\u00e4llning och inkludera verk av Hilma af Klint. Hur ska jag g\u00e5 till v\u00e4ga?<\/strong><\/p><p>Vi f\u00e5r in m\u00e5nga f\u00f6rfr\u00e5gningar eftersom det finns ett stort internationellt intresse f\u00f6r att visa Hilma af Klints verk. F\u00f6r l\u00e5nef\u00f6rfr\u00e5gningar, v\u00e4nligen kontakta Stiftelsen via brev eller e-post. L\u00e5nef\u00f6rfr\u00e5gningarna ska vara st\u00e4llda till Stiftelsen VD. Vi beh\u00f6ver l\u00e5nef\u00f6rfr\u00e5gan senast 9 m\u00e5nader innan utst\u00e4llningens \u00f6ppnande.<\/p><p>L\u00e5nef\u00f6rfr\u00e5gan ska inneh\u00e5lla:<\/p><ul><li>Utst\u00e4llningsperiod med exakta datum och utst\u00e4llningstitel<\/li><li>Beskrivning av utst\u00e4llningskonceptet<\/li><li>Motivering till l\u00e5net<\/li><li>F\u00f6rteckning \u00f6ver \u00f6nskade konstverk med Stiftelsen inventarienummer (HaK-nummer) om m\u00f6jligt<\/li><li>Facility Report och s\u00e4kerhetsrapport<\/li><\/ul><p>\u00a0<\/p><p>Enligt Stiftelsens policy l\u00e5nas verk endast ut till institutioner som lever upp till de krav internationella museer kr\u00e4ver r\u00f6rande s\u00e4kerhet och klimat. Prioritet ges till:<\/p><ul><li>Viktiga monografiska utst\u00e4llningar p\u00e5 v\u00e4letablerade institutioner<\/li><li>Tematiska utst\u00e4llningar som ger nya perspektiv p\u00e5 Hilma af Klints konst och ny konsthistorisk kunskap.<\/li><\/ul><\/div><h4>\u00a0<\/h4><h4>ALLM\u00c4NNA FR\u00c5GOR<\/h4><div>\u00a0<\/div><div><strong>Var kan jag se Hilma af Klints verk? <\/strong><\/div><div><p>Stiftelsen bedriver ingen egen museiverksamhet men l\u00e5nar ut verk ur samlingen till olika utst\u00e4llningar. Stiftelsen samarbetar med Moderna Museet i Stockholm, vilket betyder att verk av Hilma af Klint alltid visas i museets samling. P\u00e5g\u00e5ende och kommande utst\u00e4llningar finns under rubriken \u201dUtst\u00e4llningar\u201d.<\/p><\/div><div>\u00a0<\/div><div><p><strong>Kan jag k\u00f6pa Hilma af Klint-affischer och produkter direkt fr\u00e5n Stiftelsen?<\/strong><br \/>Stiftelsen s\u00e4ljer inga egna produkter men samarbetar med museibutiker i samband med utst\u00e4llningar med Hilma af Klint.<\/p><\/div><div>\u00a0<\/div><div><p><strong>Var kan jag l\u00e4sa mer om Hilma af Klint?<\/strong><br \/>Ett urval av litteratur om Hilma af Klint finns under rubriken \u201dB\u00f6cker\u201d.<\/p><\/div><div>\u00a0<\/div><h4>FORSKNING<\/h4><p><strong>Jag skriver en skoluppgift \/ kandidatuppsats \/ magisteruppsats om Hilma af Klint. Kan Stiftelsen svara p\u00e5 n\u00e5gra fr\u00e5gor?<\/strong><\/p><p>Stiftelsen Hilma af Klints Verk f\u00e5r ett stort antal f\u00f6rfr\u00e5gningar om Hilma af Klint och hennes konst och vi har dessv\u00e4rre inte m\u00f6jlighet att assistera i forskning f\u00f6rutom p\u00e5 doktorandniv\u00e5. V\u00e4nligen se v\u00e5r hemsida f\u00f6r Hilma af Klints biografi under \u201cOm Hilma af Klint\u201d. Det finns \u00e4ven mycket litteratur om Hilma af Klint och hennes konst, v\u00e4nligen se ett urval under \u201cB\u00f6cker\u201d.<\/p><p><strong>Kan jag anv\u00e4nda mig av bilder p\u00e5 Hilma af Klints verk i min bok, artikel eller akademisk uppsats?<\/strong><\/p><div><p>L\u00e4s mer under \u201dBildr\u00e4ttigheter\u201d.<\/p><\/div><div>\u00a0<\/div><div><p><strong>Var kan jag best\u00e4lla h\u00f6guppl\u00f6sta bilder?<br \/><\/strong>L\u00e4s mer under \u201dBildr\u00e4ttigheter\u201d.<\/p><\/div><div>\u00a0<\/div><h4>OM STIFTELSEN<\/h4><div>\u00a0<\/div><div><p><strong>Kan jag g\u00f6ra praktik p\u00e5 Stiftelsen eller ans\u00f6ka om stipendium?<br \/><\/strong>Stiftelsen har inte m\u00f6jlighet att ta emot praktikanter och delar inte ut stipendier.<\/p><\/div><div>\u00a0<\/div><div><p><strong>Jag har ett konstverk som jag inte vet om det \u00e4r av Hilma af Klint. Kan Stiftelsen bekr\u00e4fta det? <\/strong><br \/>Stiftelsen Hilma af Klints Verk g\u00f6r inga autentiseringar eller v\u00e4rderingar av verk utan rekommenderar att man v\u00e4nder sig till etablerade auktionshus.<\/p><\/div><div>\u00a0<\/div><div><p><strong>Jag har skapat ett konstverk\/skrivit en bok inspirerad av Hilma af Klint, kan Stiftelsen ge feedback p\u00e5 det?<\/strong><br \/>Vi \u00e4r glada att Hilma af Klint inspirerar folk till eget skapande, men tyv\u00e4rr har inte Stiftelsen m\u00f6jlighet att ge konstn\u00e4rliga bed\u00f6mningar p\u00e5 verk skapade av privatpersoner.<\/p><\/div><div>\u00a0<\/div><div><strong>Jag har f\u00f6rs\u00f6kt kontakta Stiftelsen men har \u00e4nnu inte f\u00e5tt svar p\u00e5 mitt mail?<\/strong><br \/>Stiftelsen erh\u00e5ller dagligen en stor m\u00e4ngd f\u00f6rfr\u00e5gningar om Hilma af Klint och hennes konst. Vi g\u00f6r v\u00e5rt b\u00e4sta f\u00f6r att svara p\u00e5 f\u00f6rfr\u00e5gningarna, men en v\u00e4ntetid p\u00e5 ett par veckor \u00e4r att v\u00e4nta. V\u00e4nligen se v\u00e5r Q&amp;A f\u00f6r svar p\u00e5 de vanligaste fr\u00e5gorna.<\/div>\t\t\t\t\t\t<\/div>\n\t\t\t\t<\/div>\n\t\t\t\t\t<\/div>\n\t\t<\/div>\n\t\t\t\t\t\t\t<\/div>\n\t\t<\/section>\n\t\t\t\t\t\t\t<\/div>\n\t\t","protected":false},"excerpt":{"rendered":"<p>L\u00c5N \u00a0 Jag vill g\u00f6ra en utst\u00e4llning och inkludera verk av Hilma af Klint. Hur ska jag g\u00e5 till v\u00e4ga? Vi f\u00e5r in m\u00e5nga f\u00f6rfr\u00e5gningar eftersom det finns ett stort internationellt intresse f\u00f6r att visa Hilma af Klints verk. F\u00f6r l\u00e5nef\u00f6rfr\u00e5gningar, v\u00e4nligen kontakta Stiftelsen via brev eller e-post. L\u00e5nef\u00f6rfr\u00e5gningarna ska vara st\u00e4llda till Stiftelsen VD. [&hellip;]<\/p>\n","protected":false},"author":1,"featured_media":0,"parent":0,"menu_order":0,"comment_status":"closed","ping_status":"closed","template":"elementor_header_footer","meta":{"footnotes":""},"class_list":["post-908","page","type-page","status-publish","hentry"],"acf":[],"yoast_head":"<!-- This site is optimized with the Yoast SEO plugin v19.9 - https:\/\/yoast.com\/wordpress\/plugins\/seo\/ -->\n<title>FAQ - Hilma af Klint Foundation<\/title>\n<meta name=\"robots\" content=\"index, follow, max-snippet:-1, max-image-preview:large, max-video-preview:-1\" \/>\n<link rel=\"canonical\" href=\"https:\/\/hilmaafklint.se\/sv\/faqs\/\" \/>\n<meta property=\"og:locale\" content=\"sv_SE\" \/>\n<meta property=\"og:type\" content=\"article\" \/>\n<meta property=\"og:title\" content=\"FAQ - Hilma af Klint Foundation\" \/>\n<meta property=\"og:description\" content=\"L\u00c5N \u00a0 Jag vill g\u00f6ra en utst\u00e4llning och inkludera verk av Hilma af Klint. Hur ska jag g\u00e5 till v\u00e4ga? Vi f\u00e5r in m\u00e5nga f\u00f6rfr\u00e5gningar eftersom det finns ett stort internationellt intresse f\u00f6r att visa Hilma af Klints verk. F\u00f6r l\u00e5nef\u00f6rfr\u00e5gningar, v\u00e4nligen kontakta Stiftelsen via brev eller e-post. L\u00e5nef\u00f6rfr\u00e5gningarna ska vara st\u00e4llda till Stiftelsen VD. [&hellip;]\" \/>\n<meta property=\"og:url\" content=\"https:\/\/hilmaafklint.se\/sv\/faqs\/\" \/>\n<meta property=\"og:site_name\" content=\"Hilma af Klint Foundation\" \/>\n<meta property=\"article:modified_time\" content=\"2025-03-20T15:25:41+00:00\" \/>\n<meta name=\"twitter:card\" content=\"summary_large_image\" \/>\n<meta name=\"twitter:label1\" content=\"Ber\u00e4knad l\u00e4stid\" \/>\n\t<meta name=\"twitter:data1\" content=\"3 minuter\" \/>\n<script type=\"application\/ld+json\" class=\"yoast-schema-graph\">{\"@context\":\"https:\/\/schema.org\",\"@graph\":[{\"@type\":\"WebPage\",\"@id\":\"https:\/\/hilmaafklint.se\/sv\/faqs\/\",\"url\":\"https:\/\/hilmaafklint.se\/sv\/faqs\/\",\"name\":\"FAQ - Hilma af Klint Foundation\",\"isPartOf\":{\"@id\":\"https:\/\/hilmaafklint.se\/sv\/#website\"},\"datePublished\":\"2021-11-25T20:18:35+00:00\",\"dateModified\":\"2025-03-20T15:25:41+00:00\",\"breadcrumb\":{\"@id\":\"https:\/\/hilmaafklint.se\/sv\/faqs\/#breadcrumb\"},\"inLanguage\":\"sv-SE\",\"potentialAction\":[{\"@type\":\"ReadAction\",\"target\":[\"https:\/\/hilmaafklint.se\/sv\/faqs\/\"]}]},{\"@type\":\"BreadcrumbList\",\"@id\":\"https:\/\/hilmaafklint.se\/sv\/faqs\/#breadcrumb\",\"itemListElement\":[{\"@type\":\"ListItem\",\"position\":1,\"name\":\"Home\",\"item\":\"https:\/\/hilmaafklint.se\/sv\/\"},{\"@type\":\"ListItem\",\"position\":2,\"name\":\"FAQ\"}]},{\"@type\":\"WebSite\",\"@id\":\"https:\/\/hilmaafklint.se\/sv\/#website\",\"url\":\"https:\/\/hilmaafklint.se\/sv\/\",\"name\":\"Hilma af Klint Foundation\",\"description\":\"\",\"publisher\":{\"@id\":\"https:\/\/hilmaafklint.se\/sv\/#organization\"},\"potentialAction\":[{\"@type\":\"SearchAction\",\"target\":{\"@type\":\"EntryPoint\",\"urlTemplate\":\"https:\/\/hilmaafklint.se\/sv\/?s={search_term_string}\"},\"query-input\":\"required name=search_term_string\"}],\"inLanguage\":\"sv-SE\"},{\"@type\":\"Organization\",\"@id\":\"https:\/\/hilmaafklint.se\/sv\/#organization\",\"name\":\"Hilma af Klint Foundation\",\"url\":\"https:\/\/hilmaafklint.se\/sv\/\",\"logo\":{\"@type\":\"ImageObject\",\"inLanguage\":\"sv-SE\",\"@id\":\"https:\/\/hilmaafklint.se\/sv\/#\/schema\/logo\/image\/\",\"url\":\"https:\/\/hilmaafklint.se\/wp-content\/uploads\/2021\/11\/hak-logo-1.png\",\"contentUrl\":\"https:\/\/hilmaafklint.se\/wp-content\/uploads\/2021\/11\/hak-logo-1.png\",\"width\":500,\"height\":124,\"caption\":\"Hilma af Klint Foundation\"},\"image\":{\"@id\":\"https:\/\/hilmaafklint.se\/sv\/#\/schema\/logo\/image\/\"}}]}<\/script>\n<!-- \/ Yoast SEO plugin. -->","yoast_head_json":{"title":"FAQ - Hilma af Klint Foundation","robots":{"index":"index","follow":"follow","max-snippet":"max-snippet:-1","max-image-preview":"max-image-preview:large","max-video-preview":"max-video-preview:-1"},"canonical":"https:\/\/hilmaafklint.se\/sv\/faqs\/","og_locale":"sv_SE","og_type":"article","og_title":"FAQ - Hilma af Klint Foundation","og_description":"L\u00c5N \u00a0 Jag vill g\u00f6ra en utst\u00e4llning och inkludera verk av Hilma af Klint. Hur ska jag g\u00e5 till v\u00e4ga? Vi f\u00e5r in m\u00e5nga f\u00f6rfr\u00e5gningar eftersom det finns ett stort internationellt intresse f\u00f6r att visa Hilma af Klints verk. F\u00f6r l\u00e5nef\u00f6rfr\u00e5gningar, v\u00e4nligen kontakta Stiftelsen via brev eller e-post. L\u00e5nef\u00f6rfr\u00e5gningarna ska vara st\u00e4llda till Stiftelsen VD. [&hellip;]","og_url":"https:\/\/hilmaafklint.se\/sv\/faqs\/","og_site_name":"Hilma af Klint Foundation","article_modified_time":"2025-03-20T15:25:41+00:00","twitter_card":"summary_large_image","twitter_misc":{"Ber\u00e4knad l\u00e4stid":"3 minuter"},"schema":{"@context":"https:\/\/schema.org","@graph":[{"@type":"WebPage","@id":"https:\/\/hilmaafklint.se\/sv\/faqs\/","url":"https:\/\/hilmaafklint.se\/sv\/faqs\/","name":"FAQ - Hilma af Klint Foundation","isPartOf":{"@id":"https:\/\/hilmaafklint.se\/sv\/#website"},"datePublished":"2021-11-25T20:18:35+00:00","dateModified":"2025-03-20T15:25:41+00:00","breadcrumb":{"@id":"https:\/\/hilmaafklint.se\/sv\/faqs\/#breadcrumb"},"inLanguage":"sv-SE","potentialAction":[{"@type":"ReadAction","target":["https:\/\/hilmaafklint.se\/sv\/faqs\/"]}]},{"@type":"BreadcrumbList","@id":"https:\/\/hilmaafklint.se\/sv\/faqs\/#breadcrumb","itemListElement":[{"@type":"ListItem","position":1,"name":"Home","item":"https:\/\/hilmaafklint.se\/sv\/"},{"@type":"ListItem","position":2,"name":"FAQ"}]},{"@type":"WebSite","@id":"https:\/\/hilmaafklint.se\/sv\/#website","url":"https:\/\/hilmaafklint.se\/sv\/","name":"Hilma af Klint Foundation","description":"","publisher":{"@id":"https:\/\/hilmaafklint.se\/sv\/#organization"},"potentialAction":[{"@type":"SearchAction","target":{"@type":"EntryPoint","urlTemplate":"https:\/\/hilmaafklint.se\/sv\/?s={search_term_string}"},"query-input":"required name=search_term_string"}],"inLanguage":"sv-SE"},{"@type":"Organization","@id":"https:\/\/hilmaafklint.se\/sv\/#organization","name":"Hilma af Klint Foundation","url":"https:\/\/hilmaafklint.se\/sv\/","logo":{"@type":"ImageObject","inLanguage":"sv-SE","@id":"https:\/\/hilmaafklint.se\/sv\/#\/schema\/logo\/image\/","url":"https:\/\/hilmaafklint.se\/wp-content\/uploads\/2021\/11\/hak-logo-1.png","contentUrl":"https:\/\/hilmaafklint.se\/wp-content\/uploads\/2021\/11\/hak-logo-1.png","width":500,"height":124,"caption":"Hilma af Klint Foundation"},"image":{"@id":"https:\/\/hilmaafklint.se\/sv\/#\/schema\/logo\/image\/"}}]}},"_links":{"self":[{"href":"https:\/\/hilmaafklint.se\/sv\/wp-json\/wp\/v2\/pages\/908","targetHints":{"allow":["GET"]}}],"collection":[{"href":"https:\/\/hilmaafklint.se\/sv\/wp-json\/wp\/v2\/pages"}],"about":[{"href":"https:\/\/hilmaafklint.se\/sv\/wp-json\/wp\/v2\/types\/page"}],"author":[{"embeddable":true,"href":"https:\/\/hilmaafklint.se\/sv\/wp-json\/wp\/v2\/users\/1"}],"replies":[{"embeddable":true,"href":"https:\/\/hilmaafklint.se\/sv\/wp-json\/wp\/v2\/comments?post=908"}],"version-history":[{"count":38,"href":"https:\/\/hilmaafklint.se\/sv\/wp-json\/wp\/v2\/pages\/908\/revisions"}],"predecessor-version":[{"id":2306,"href":"https:\/\/hilmaafklint.se\/sv\/wp-json\/wp\/v2\/pages\/908\/revisions\/2306"}],"wp:attachment":[{"href":"https:\/\/hilmaafklint.se\/sv\/wp-json\/wp\/v2\/media?parent=908"}],"curies":[{"name":"wp","href":"https:\/\/api.w.org\/{rel}","templated":true}]}}