{"id":906,"date":"2021-12-06T23:14:29","date_gmt":"2021-12-06T23:14:29","guid":{"rendered":"http:\/\/hilmaafklint.se.loopiadns.com\/rattigheter-reproduktioner\/"},"modified":"2022-03-22T12:10:59","modified_gmt":"2022-03-22T12:10:59","slug":"bildrattigheter","status":"publish","type":"page","link":"https:\/\/hilmaafklint.se\/sv\/bildrattigheter\/","title":{"rendered":"Bildr\u00e4ttigheter"},"content":{"rendered":"\t\t<div data-elementor-type=\"wp-page\" data-elementor-id=\"906\" class=\"elementor elementor-906 elementor-44\">\n\t\t\t\t\t\t\t\t\t<section class=\"elementor-section elementor-top-section elementor-element elementor-element-cdf19ef elementor-section-boxed elementor-section-height-default elementor-section-height-default\" data-id=\"cdf19ef\" data-element_type=\"section\">\n\t\t\t\t\t\t<div class=\"elementor-container elementor-column-gap-default\">\n\t\t\t\t\t<div class=\"elementor-column elementor-col-100 elementor-top-column elementor-element elementor-element-c3787ae\" data-id=\"c3787ae\" data-element_type=\"column\">\n\t\t\t<div class=\"elementor-widget-wrap elementor-element-populated\">\n\t\t\t\t\t\t\t\t<div class=\"elementor-element elementor-element-62cbcca elementor-widget elementor-widget-text-editor\" data-id=\"62cbcca\" data-element_type=\"widget\" data-widget_type=\"text-editor.default\">\n\t\t\t\t<div class=\"elementor-widget-container\">\n\t\t\t<style>\/*! elementor - v3.8.0 - 30-10-2022 *\/\n.elementor-widget-text-editor.elementor-drop-cap-view-stacked .elementor-drop-cap{background-color:#818a91;color:#fff}.elementor-widget-text-editor.elementor-drop-cap-view-framed .elementor-drop-cap{color:#818a91;border:3px solid;background-color:transparent}.elementor-widget-text-editor:not(.elementor-drop-cap-view-default) .elementor-drop-cap{margin-top:8px}.elementor-widget-text-editor:not(.elementor-drop-cap-view-default) .elementor-drop-cap-letter{width:1em;height:1em}.elementor-widget-text-editor .elementor-drop-cap{float:left;text-align:center;line-height:1;font-size:50px}.elementor-widget-text-editor .elementor-drop-cap-letter{display:inline-block}<\/style>\t\t\t\t<h4>Bilder &amp; fotografiska r\u00e4ttigheter<\/h4><p>Stiftelsen Hilma af Klints Verk \u00e4ger de fotografiska r\u00e4ttigheterna till samtliga bilder av Hilma af Klints verk.<br \/><br \/><\/p><h4>H\u00f6guppl\u00f6sta bilder<\/h4><p>Stiftelsen Hilma af Klints Verk kan tillhandah\u00e5lla h\u00f6guppl\u00f6sta bilder f\u00f6r publicering i b\u00f6cker, artiklar eller avhandlingar. Vi samarbetar med Bildbyr\u00e5n p\u00e5 Moderna Museet. F\u00f6r f\u00f6rfr\u00e5gningar om 1\u20134 bilder, v\u00e4nligen kontakta <a href=\"mailto:bildbyran@modernamuseet.se\">bildbyran@modernamuseet.se<\/a> F\u00f6r bilder \u00f6verstigande 4 stycken, v\u00e4nligen kontakta <a href=\"mailto:info@hilmaafklint.se\">info@hilmaafklint.se<\/a><\/p><p>Bildfilen erh\u00e5lls mot en avgift, f\u00f6rutom d\u00e5 det g\u00e4ller akademiska avhandlingar p\u00e5 doktorandniv\u00e5. Stiftelsen\/Bildbyr\u00e5n g\u00f6r en bed\u00f6mning fr\u00e5n fall till fall om l\u00e4mplighet att anv\u00e4nda bilden och kan s\u00e5ledes \u00e4ven s\u00e4ga nej. Tillst\u00e5nd ges f\u00f6retr\u00e4desvis till publikationer om konstn\u00e4ren, utst\u00e4llningar och konstb\u00f6cker.<\/p><p>Bilden f\u00e5r endast anv\u00e4ndas till n\u00e4mnda publikation och f\u00e5r inte delas vidare till tredje part. Ange \u00e4ven uppgifter om adress och momsregistreringsnummer, som efterfr\u00e5gas vid fakturering. I anslutning till \u00e5tergivning av verk ska copyright anges p\u00e5 f\u00f6ljande s\u00e4tt: Med tillst\u00e5nd av Stiftelsen Hilma af Klints Verk.<\/p><p>Stiftelsen \u00f6nskar tv\u00e5 exemplar av publikationen till sitt arkiv.<br \/><br \/><\/p><h4>L\u00e5guppl\u00f6sta bilder<\/h4><p>Ett urval l\u00e5guppl\u00f6sta bilder av Hilma af Klints verk finns att ladda ner p\u00e5 Stiftelsens hemsida. Bilderna f\u00e5r anv\u00e4ndas f\u00f6r privat bruk t.ex. i skoluppsatser. The images are intended for private use only, for example, in school essays.<\/p>\t\t\t\t\t\t<\/div>\n\t\t\t\t<\/div>\n\t\t\t\t\t<\/div>\n\t\t<\/div>\n\t\t\t\t\t\t\t<\/div>\n\t\t<\/section>\n\t\t\t\t\t\t\t<\/div>\n\t\t","protected":false},"excerpt":{"rendered":"<p>Bilder &amp; fotografiska r\u00e4ttigheter Stiftelsen Hilma af Klints Verk \u00e4ger de fotografiska r\u00e4ttigheterna till samtliga bilder av Hilma af Klints verk. H\u00f6guppl\u00f6sta bilder Stiftelsen Hilma af Klints Verk kan tillhandah\u00e5lla h\u00f6guppl\u00f6sta bilder f\u00f6r publicering i b\u00f6cker, artiklar eller avhandlingar. Vi samarbetar med Bildbyr\u00e5n p\u00e5 Moderna Museet. F\u00f6r f\u00f6rfr\u00e5gningar om 1\u20134 bilder, v\u00e4nligen kontakta bildbyran@modernamuseet.se F\u00f6r [&hellip;]<\/p>\n","protected":false},"author":1,"featured_media":0,"parent":0,"menu_order":0,"comment_status":"closed","ping_status":"closed","template":"elementor_header_footer","meta":{"footnotes":""},"class_list":["post-906","page","type-page","status-publish","hentry"],"acf":[],"yoast_head":"<!-- This site is optimized with the Yoast SEO plugin v19.9 - https:\/\/yoast.com\/wordpress\/plugins\/seo\/ -->\n<title>Bildr\u00e4ttigheter - Hilma af Klint Foundation<\/title>\n<meta name=\"robots\" content=\"index, follow, max-snippet:-1, max-image-preview:large, max-video-preview:-1\" \/>\n<link rel=\"canonical\" href=\"https:\/\/hilmaafklint.se\/sv\/bildrattigheter\/\" \/>\n<meta property=\"og:locale\" content=\"sv_SE\" \/>\n<meta property=\"og:type\" content=\"article\" \/>\n<meta property=\"og:title\" content=\"Bildr\u00e4ttigheter - Hilma af Klint Foundation\" \/>\n<meta property=\"og:description\" content=\"Bilder &amp; fotografiska r\u00e4ttigheter Stiftelsen Hilma af Klints Verk \u00e4ger de fotografiska r\u00e4ttigheterna till samtliga bilder av Hilma af Klints verk. H\u00f6guppl\u00f6sta bilder Stiftelsen Hilma af Klints Verk kan tillhandah\u00e5lla h\u00f6guppl\u00f6sta bilder f\u00f6r publicering i b\u00f6cker, artiklar eller avhandlingar. Vi samarbetar med Bildbyr\u00e5n p\u00e5 Moderna Museet. F\u00f6r f\u00f6rfr\u00e5gningar om 1\u20134 bilder, v\u00e4nligen kontakta bildbyran@modernamuseet.se F\u00f6r [&hellip;]\" \/>\n<meta property=\"og:url\" content=\"https:\/\/hilmaafklint.se\/sv\/bildrattigheter\/\" \/>\n<meta property=\"og:site_name\" content=\"Hilma af Klint Foundation\" \/>\n<meta property=\"article:modified_time\" content=\"2022-03-22T12:10:59+00:00\" \/>\n<meta name=\"twitter:card\" content=\"summary_large_image\" \/>\n<meta name=\"twitter:label1\" content=\"Ber\u00e4knad l\u00e4stid\" \/>\n\t<meta name=\"twitter:data1\" content=\"1 minut\" \/>\n<script type=\"application\/ld+json\" class=\"yoast-schema-graph\">{\"@context\":\"https:\/\/schema.org\",\"@graph\":[{\"@type\":\"WebPage\",\"@id\":\"https:\/\/hilmaafklint.se\/sv\/bildrattigheter\/\",\"url\":\"https:\/\/hilmaafklint.se\/sv\/bildrattigheter\/\",\"name\":\"Bildr\u00e4ttigheter - Hilma af Klint Foundation\",\"isPartOf\":{\"@id\":\"https:\/\/hilmaafklint.se\/sv\/#website\"},\"datePublished\":\"2021-12-06T23:14:29+00:00\",\"dateModified\":\"2022-03-22T12:10:59+00:00\",\"breadcrumb\":{\"@id\":\"https:\/\/hilmaafklint.se\/sv\/bildrattigheter\/#breadcrumb\"},\"inLanguage\":\"sv-SE\",\"potentialAction\":[{\"@type\":\"ReadAction\",\"target\":[\"https:\/\/hilmaafklint.se\/sv\/bildrattigheter\/\"]}]},{\"@type\":\"BreadcrumbList\",\"@id\":\"https:\/\/hilmaafklint.se\/sv\/bildrattigheter\/#breadcrumb\",\"itemListElement\":[{\"@type\":\"ListItem\",\"position\":1,\"name\":\"Home\",\"item\":\"https:\/\/hilmaafklint.se\/sv\/\"},{\"@type\":\"ListItem\",\"position\":2,\"name\":\"Bildr\u00e4ttigheter\"}]},{\"@type\":\"WebSite\",\"@id\":\"https:\/\/hilmaafklint.se\/sv\/#website\",\"url\":\"https:\/\/hilmaafklint.se\/sv\/\",\"name\":\"Hilma af Klint Foundation\",\"description\":\"\",\"publisher\":{\"@id\":\"https:\/\/hilmaafklint.se\/sv\/#organization\"},\"potentialAction\":[{\"@type\":\"SearchAction\",\"target\":{\"@type\":\"EntryPoint\",\"urlTemplate\":\"https:\/\/hilmaafklint.se\/sv\/?s={search_term_string}\"},\"query-input\":\"required name=search_term_string\"}],\"inLanguage\":\"sv-SE\"},{\"@type\":\"Organization\",\"@id\":\"https:\/\/hilmaafklint.se\/sv\/#organization\",\"name\":\"Hilma af Klint Foundation\",\"url\":\"https:\/\/hilmaafklint.se\/sv\/\",\"logo\":{\"@type\":\"ImageObject\",\"inLanguage\":\"sv-SE\",\"@id\":\"https:\/\/hilmaafklint.se\/sv\/#\/schema\/logo\/image\/\",\"url\":\"https:\/\/hilmaafklint.se\/wp-content\/uploads\/2021\/11\/hak-logo-1.png\",\"contentUrl\":\"https:\/\/hilmaafklint.se\/wp-content\/uploads\/2021\/11\/hak-logo-1.png\",\"width\":500,\"height\":124,\"caption\":\"Hilma af Klint Foundation\"},\"image\":{\"@id\":\"https:\/\/hilmaafklint.se\/sv\/#\/schema\/logo\/image\/\"}}]}<\/script>\n<!-- \/ Yoast SEO plugin. -->","yoast_head_json":{"title":"Bildr\u00e4ttigheter - Hilma af Klint Foundation","robots":{"index":"index","follow":"follow","max-snippet":"max-snippet:-1","max-image-preview":"max-image-preview:large","max-video-preview":"max-video-preview:-1"},"canonical":"https:\/\/hilmaafklint.se\/sv\/bildrattigheter\/","og_locale":"sv_SE","og_type":"article","og_title":"Bildr\u00e4ttigheter - Hilma af Klint Foundation","og_description":"Bilder &amp; fotografiska r\u00e4ttigheter Stiftelsen Hilma af Klints Verk \u00e4ger de fotografiska r\u00e4ttigheterna till samtliga bilder av Hilma af Klints verk. H\u00f6guppl\u00f6sta bilder Stiftelsen Hilma af Klints Verk kan tillhandah\u00e5lla h\u00f6guppl\u00f6sta bilder f\u00f6r publicering i b\u00f6cker, artiklar eller avhandlingar. Vi samarbetar med Bildbyr\u00e5n p\u00e5 Moderna Museet. F\u00f6r f\u00f6rfr\u00e5gningar om 1\u20134 bilder, v\u00e4nligen kontakta bildbyran@modernamuseet.se F\u00f6r [&hellip;]","og_url":"https:\/\/hilmaafklint.se\/sv\/bildrattigheter\/","og_site_name":"Hilma af Klint Foundation","article_modified_time":"2022-03-22T12:10:59+00:00","twitter_card":"summary_large_image","twitter_misc":{"Ber\u00e4knad l\u00e4stid":"1 minut"},"schema":{"@context":"https:\/\/schema.org","@graph":[{"@type":"WebPage","@id":"https:\/\/hilmaafklint.se\/sv\/bildrattigheter\/","url":"https:\/\/hilmaafklint.se\/sv\/bildrattigheter\/","name":"Bildr\u00e4ttigheter - Hilma af Klint Foundation","isPartOf":{"@id":"https:\/\/hilmaafklint.se\/sv\/#website"},"datePublished":"2021-12-06T23:14:29+00:00","dateModified":"2022-03-22T12:10:59+00:00","breadcrumb":{"@id":"https:\/\/hilmaafklint.se\/sv\/bildrattigheter\/#breadcrumb"},"inLanguage":"sv-SE","potentialAction":[{"@type":"ReadAction","target":["https:\/\/hilmaafklint.se\/sv\/bildrattigheter\/"]}]},{"@type":"BreadcrumbList","@id":"https:\/\/hilmaafklint.se\/sv\/bildrattigheter\/#breadcrumb","itemListElement":[{"@type":"ListItem","position":1,"name":"Home","item":"https:\/\/hilmaafklint.se\/sv\/"},{"@type":"ListItem","position":2,"name":"Bildr\u00e4ttigheter"}]},{"@type":"WebSite","@id":"https:\/\/hilmaafklint.se\/sv\/#website","url":"https:\/\/hilmaafklint.se\/sv\/","name":"Hilma af Klint Foundation","description":"","publisher":{"@id":"https:\/\/hilmaafklint.se\/sv\/#organization"},"potentialAction":[{"@type":"SearchAction","target":{"@type":"EntryPoint","urlTemplate":"https:\/\/hilmaafklint.se\/sv\/?s={search_term_string}"},"query-input":"required name=search_term_string"}],"inLanguage":"sv-SE"},{"@type":"Organization","@id":"https:\/\/hilmaafklint.se\/sv\/#organization","name":"Hilma af Klint Foundation","url":"https:\/\/hilmaafklint.se\/sv\/","logo":{"@type":"ImageObject","inLanguage":"sv-SE","@id":"https:\/\/hilmaafklint.se\/sv\/#\/schema\/logo\/image\/","url":"https:\/\/hilmaafklint.se\/wp-content\/uploads\/2021\/11\/hak-logo-1.png","contentUrl":"https:\/\/hilmaafklint.se\/wp-content\/uploads\/2021\/11\/hak-logo-1.png","width":500,"height":124,"caption":"Hilma af Klint Foundation"},"image":{"@id":"https:\/\/hilmaafklint.se\/sv\/#\/schema\/logo\/image\/"}}]}},"_links":{"self":[{"href":"https:\/\/hilmaafklint.se\/sv\/wp-json\/wp\/v2\/pages\/906","targetHints":{"allow":["GET"]}}],"collection":[{"href":"https:\/\/hilmaafklint.se\/sv\/wp-json\/wp\/v2\/pages"}],"about":[{"href":"https:\/\/hilmaafklint.se\/sv\/wp-json\/wp\/v2\/types\/page"}],"author":[{"embeddable":true,"href":"https:\/\/hilmaafklint.se\/sv\/wp-json\/wp\/v2\/users\/1"}],"replies":[{"embeddable":true,"href":"https:\/\/hilmaafklint.se\/sv\/wp-json\/wp\/v2\/comments?post=906"}],"version-history":[{"count":12,"href":"https:\/\/hilmaafklint.se\/sv\/wp-json\/wp\/v2\/pages\/906\/revisions"}],"predecessor-version":[{"id":1746,"href":"https:\/\/hilmaafklint.se\/sv\/wp-json\/wp\/v2\/pages\/906\/revisions\/1746"}],"wp:attachment":[{"href":"https:\/\/hilmaafklint.se\/sv\/wp-json\/wp\/v2\/media?parent=906"}],"curies":[{"name":"wp","href":"https:\/\/api.w.org\/{rel}","templated":true}]}}