{"id":2050,"date":"2024-02-08T10:37:47","date_gmt":"2024-02-08T10:37:47","guid":{"rendered":"https:\/\/hilmaafklint.se\/?page_id=2050"},"modified":"2026-01-02T11:17:02","modified_gmt":"2026-01-02T11:17:02","slug":"om-styrelsen","status":"publish","type":"page","link":"https:\/\/hilmaafklint.se\/sv\/om-styrelsen\/","title":{"rendered":"Om styrelsen"},"content":{"rendered":"\t\t<div data-elementor-type=\"wp-page\" data-elementor-id=\"2050\" class=\"elementor elementor-2050\">\n\t\t\t\t\t\t\t\t\t<section class=\"elementor-section elementor-top-section elementor-element elementor-element-5054ebe elementor-section-boxed elementor-section-height-default elementor-section-height-default\" data-id=\"5054ebe\" data-element_type=\"section\">\n\t\t\t\t\t\t<div class=\"elementor-container elementor-column-gap-default\">\n\t\t\t\t\t<div class=\"elementor-column elementor-col-33 elementor-top-column elementor-element elementor-element-f56bf2a\" data-id=\"f56bf2a\" data-element_type=\"column\">\n\t\t\t<div class=\"elementor-widget-wrap elementor-element-populated\">\n\t\t\t\t\t\t\t\t<div class=\"elementor-element elementor-element-40be17b elementor-widget elementor-widget-text-editor\" data-id=\"40be17b\" data-element_type=\"widget\" data-widget_type=\"text-editor.default\">\n\t\t\t\t<div class=\"elementor-widget-container\">\n\t\t\t<style>\/*! elementor - v3.8.0 - 30-10-2022 *\/\n.elementor-widget-text-editor.elementor-drop-cap-view-stacked .elementor-drop-cap{background-color:#818a91;color:#fff}.elementor-widget-text-editor.elementor-drop-cap-view-framed .elementor-drop-cap{color:#818a91;border:3px solid;background-color:transparent}.elementor-widget-text-editor:not(.elementor-drop-cap-view-default) .elementor-drop-cap{margin-top:8px}.elementor-widget-text-editor:not(.elementor-drop-cap-view-default) .elementor-drop-cap-letter{width:1em;height:1em}.elementor-widget-text-editor .elementor-drop-cap{float:left;text-align:center;line-height:1;font-size:50px}.elementor-widget-text-editor .elementor-drop-cap-letter{display:inline-block}<\/style>\t\t\t\t<p><strong><span style=\"font-size: 13.5pt; color: black;\">Styrelse<\/span><\/strong><\/p><p style=\"margin-top: 0cm; background: white;\"><span style=\"font-family: 'Segoe UI',sans-serif; color: black;\">Styrelsen har enligt stiftelsens stadgar till uppgift att tillvarata och f\u00f6rvalta Hilma af Klints efterl\u00e4mnade verk. Stiftelsen fr\u00e4mjar \u00e4ven akademisk forskning om Hilma af Klint och hennes arbete. Stiftelsens verksamhet finansieras av egna int\u00e4kter och genom donationer.<\/span><\/p><p style=\"margin-top: 0cm; background: white; box-sizing: border-box; -webkit-font-smoothing: antialiased; margin-bottom: 0.9rem; font-variant-ligatures: normal; font-variant-caps: normal; orphans: 2; text-align: start; widows: 2; -webkit-text-stroke-width: 0px; text-decoration-thickness: initial; text-decoration-style: initial; text-decoration-color: initial; word-spacing: 0px;\"><span style=\"box-sizing: border-box; -webkit-font-smoothing: antialiased;\"><span style=\"font-family: 'Segoe UI',sans-serif; color: black;\">Enligt stadgarna ska styrelsen best\u00e5 av tre till fem personer. Huvudparten av styrelsen ska var medlemmar av Antroposofiska S\u00e4llskapet. Huvudmannen f\u00f6r sl\u00e4kten af Klint \u00e4r sj\u00e4lvskriven ordf\u00f6rande, men han kan utse n\u00e5gon annan av sl\u00e4kten af Klint i sitt st\u00e4lle.<\/span><\/span><\/p><p style=\"margin-top: 0cm; background: white; box-sizing: border-box; -webkit-font-smoothing: antialiased; margin-bottom: 0.9rem; font-variant-ligatures: normal; font-variant-caps: normal; orphans: 2; text-align: start; widows: 2; -webkit-text-stroke-width: 0px; text-decoration-thickness: initial; text-decoration-style: initial; text-decoration-color: initial; word-spacing: 0px;\"><span style=\"box-sizing: border-box; -webkit-font-smoothing: antialiased;\"><span style=\"font-family: 'Segoe UI',sans-serif; color: black;\">Styrelsen f\u00f6r Stiftelsen Hilma af Klints verk str\u00e4var efter att hennes arv ska forts\u00e4tta att inspirera och ber\u00f6ra m\u00e4nniskor v\u00e4rlden \u00f6ver. Styrelsen \u00e4r vid sin f\u00f6rvaltning av stiftelsen skyldig att agera i enlighet med stiftelselagen och stiftelsens stadgar.<\/span><\/span><\/p>\t\t\t\t\t\t<\/div>\n\t\t\t\t<\/div>\n\t\t\t\t\t<\/div>\n\t\t<\/div>\n\t\t\t\t<div class=\"elementor-column elementor-col-33 elementor-top-column elementor-element elementor-element-3143a62\" data-id=\"3143a62\" data-element_type=\"column\">\n\t\t\t<div class=\"elementor-widget-wrap\">\n\t\t\t\t\t\t\t\t\t<\/div>\n\t\t<\/div>\n\t\t\t\t<div class=\"elementor-column elementor-col-33 elementor-top-column elementor-element elementor-element-aefa6e8\" data-id=\"aefa6e8\" data-element_type=\"column\">\n\t\t\t<div class=\"elementor-widget-wrap elementor-element-populated\">\n\t\t\t\t\t\t\t\t<div class=\"elementor-element elementor-element-6eb1609 elementor-widget elementor-widget-text-editor\" data-id=\"6eb1609\" data-element_type=\"widget\" data-widget_type=\"text-editor.default\">\n\t\t\t\t<div class=\"elementor-widget-container\">\n\t\t\t\t\t\t\t<p><strong>Styrelse<\/strong><br \/>Erik af Klint, ordf\u00f6rande<br \/>Juhani Selvani<br \/><span data-olk-copy-source=\"MessageBody\">Daniel Laur\u00e9n<\/span><\/p><p><strong>VD<\/strong><br \/>Jessica H\u00f6glund<\/p><div><p data-olk-copy-source=\"MessageBody\">Pressf\u00f6rfr\u00e5gningar och fr\u00e5gor g\u00e4llande styrelsen arbete skickas till:\u00a0<a title=\"mailto:press@hilmaafklint.se\" href=\"mailto:press@hilmaafklint.se\" data-linkindex=\"1\">press@hilmaafklint.se<\/a><\/p><p>Vid intervjuf\u00f6rfr\u00e5gningar fr\u00e5n media, v\u00e4nligen uppge vad fr\u00e5gorna g\u00e4ller f\u00f6r snabbt och relevant svar.<\/p><\/div>\t\t\t\t\t\t<\/div>\n\t\t\t\t<\/div>\n\t\t\t\t\t<\/div>\n\t\t<\/div>\n\t\t\t\t\t\t\t<\/div>\n\t\t<\/section>\n\t\t\t\t<section class=\"elementor-section elementor-top-section elementor-element elementor-element-14a782f elementor-section-boxed elementor-section-height-default elementor-section-height-default\" data-id=\"14a782f\" data-element_type=\"section\">\n\t\t\t\t\t\t<div class=\"elementor-container elementor-column-gap-default\">\n\t\t\t\t\t<div class=\"elementor-column elementor-col-100 elementor-top-column elementor-element elementor-element-7fb76e8\" data-id=\"7fb76e8\" data-element_type=\"column\">\n\t\t\t<div class=\"elementor-widget-wrap\">\n\t\t\t\t\t\t\t\t\t<\/div>\n\t\t<\/div>\n\t\t\t\t\t\t\t<\/div>\n\t\t<\/section>\n\t\t\t\t\t\t\t<\/div>\n\t\t","protected":false},"excerpt":{"rendered":"<p>Styrelse Styrelsen har enligt stiftelsens stadgar till uppgift att tillvarata och f\u00f6rvalta Hilma af Klints efterl\u00e4mnade verk. Stiftelsen fr\u00e4mjar \u00e4ven akademisk forskning om Hilma af Klint och hennes arbete. Stiftelsens verksamhet finansieras av egna int\u00e4kter och genom donationer. Enligt stadgarna ska styrelsen best\u00e5 av tre till fem personer. Huvudparten av styrelsen ska var medlemmar av [&hellip;]<\/p>\n","protected":false},"author":1,"featured_media":0,"parent":0,"menu_order":0,"comment_status":"closed","ping_status":"closed","template":"","meta":{"footnotes":""},"class_list":["post-2050","page","type-page","status-publish","hentry"],"acf":[],"yoast_head":"<!-- This site is optimized with the Yoast SEO plugin v19.9 - https:\/\/yoast.com\/wordpress\/plugins\/seo\/ -->\n<title>Om styrelsen - Hilma af Klint Foundation<\/title>\n<meta name=\"robots\" content=\"index, follow, max-snippet:-1, max-image-preview:large, max-video-preview:-1\" \/>\n<link rel=\"canonical\" href=\"https:\/\/hilmaafklint.se\/sv\/om-styrelsen\/\" \/>\n<meta property=\"og:locale\" content=\"sv_SE\" \/>\n<meta property=\"og:type\" content=\"article\" \/>\n<meta property=\"og:title\" content=\"Om styrelsen - Hilma af Klint Foundation\" \/>\n<meta property=\"og:description\" content=\"Styrelse Styrelsen har enligt stiftelsens stadgar till uppgift att tillvarata och f\u00f6rvalta Hilma af Klints efterl\u00e4mnade verk. Stiftelsen fr\u00e4mjar \u00e4ven akademisk forskning om Hilma af Klint och hennes arbete. Stiftelsens verksamhet finansieras av egna int\u00e4kter och genom donationer. Enligt stadgarna ska styrelsen best\u00e5 av tre till fem personer. Huvudparten av styrelsen ska var medlemmar av [&hellip;]\" \/>\n<meta property=\"og:url\" content=\"https:\/\/hilmaafklint.se\/sv\/om-styrelsen\/\" \/>\n<meta property=\"og:site_name\" content=\"Hilma af Klint Foundation\" \/>\n<meta property=\"article:modified_time\" content=\"2026-01-02T11:17:02+00:00\" \/>\n<meta name=\"twitter:card\" content=\"summary_large_image\" \/>\n<meta name=\"twitter:label1\" content=\"Ber\u00e4knad l\u00e4stid\" \/>\n\t<meta name=\"twitter:data1\" content=\"1 minut\" \/>\n<script type=\"application\/ld+json\" class=\"yoast-schema-graph\">{\"@context\":\"https:\/\/schema.org\",\"@graph\":[{\"@type\":\"WebPage\",\"@id\":\"https:\/\/hilmaafklint.se\/sv\/om-styrelsen\/\",\"url\":\"https:\/\/hilmaafklint.se\/sv\/om-styrelsen\/\",\"name\":\"Om styrelsen - Hilma af Klint Foundation\",\"isPartOf\":{\"@id\":\"https:\/\/hilmaafklint.se\/sv\/#website\"},\"datePublished\":\"2024-02-08T10:37:47+00:00\",\"dateModified\":\"2026-01-02T11:17:02+00:00\",\"breadcrumb\":{\"@id\":\"https:\/\/hilmaafklint.se\/sv\/om-styrelsen\/#breadcrumb\"},\"inLanguage\":\"sv-SE\",\"potentialAction\":[{\"@type\":\"ReadAction\",\"target\":[\"https:\/\/hilmaafklint.se\/sv\/om-styrelsen\/\"]}]},{\"@type\":\"BreadcrumbList\",\"@id\":\"https:\/\/hilmaafklint.se\/sv\/om-styrelsen\/#breadcrumb\",\"itemListElement\":[{\"@type\":\"ListItem\",\"position\":1,\"name\":\"Home\",\"item\":\"https:\/\/hilmaafklint.se\/sv\/\"},{\"@type\":\"ListItem\",\"position\":2,\"name\":\"Om styrelsen\"}]},{\"@type\":\"WebSite\",\"@id\":\"https:\/\/hilmaafklint.se\/sv\/#website\",\"url\":\"https:\/\/hilmaafklint.se\/sv\/\",\"name\":\"Hilma af Klint Foundation\",\"description\":\"\",\"publisher\":{\"@id\":\"https:\/\/hilmaafklint.se\/sv\/#organization\"},\"potentialAction\":[{\"@type\":\"SearchAction\",\"target\":{\"@type\":\"EntryPoint\",\"urlTemplate\":\"https:\/\/hilmaafklint.se\/sv\/?s={search_term_string}\"},\"query-input\":\"required name=search_term_string\"}],\"inLanguage\":\"sv-SE\"},{\"@type\":\"Organization\",\"@id\":\"https:\/\/hilmaafklint.se\/sv\/#organization\",\"name\":\"Hilma af Klint Foundation\",\"url\":\"https:\/\/hilmaafklint.se\/sv\/\",\"logo\":{\"@type\":\"ImageObject\",\"inLanguage\":\"sv-SE\",\"@id\":\"https:\/\/hilmaafklint.se\/sv\/#\/schema\/logo\/image\/\",\"url\":\"https:\/\/hilmaafklint.se\/wp-content\/uploads\/2021\/11\/hak-logo-1.png\",\"contentUrl\":\"https:\/\/hilmaafklint.se\/wp-content\/uploads\/2021\/11\/hak-logo-1.png\",\"width\":500,\"height\":124,\"caption\":\"Hilma af Klint Foundation\"},\"image\":{\"@id\":\"https:\/\/hilmaafklint.se\/sv\/#\/schema\/logo\/image\/\"}}]}<\/script>\n<!-- \/ Yoast SEO plugin. -->","yoast_head_json":{"title":"Om styrelsen - Hilma af Klint Foundation","robots":{"index":"index","follow":"follow","max-snippet":"max-snippet:-1","max-image-preview":"max-image-preview:large","max-video-preview":"max-video-preview:-1"},"canonical":"https:\/\/hilmaafklint.se\/sv\/om-styrelsen\/","og_locale":"sv_SE","og_type":"article","og_title":"Om styrelsen - Hilma af Klint Foundation","og_description":"Styrelse Styrelsen har enligt stiftelsens stadgar till uppgift att tillvarata och f\u00f6rvalta Hilma af Klints efterl\u00e4mnade verk. Stiftelsen fr\u00e4mjar \u00e4ven akademisk forskning om Hilma af Klint och hennes arbete. Stiftelsens verksamhet finansieras av egna int\u00e4kter och genom donationer. Enligt stadgarna ska styrelsen best\u00e5 av tre till fem personer. Huvudparten av styrelsen ska var medlemmar av [&hellip;]","og_url":"https:\/\/hilmaafklint.se\/sv\/om-styrelsen\/","og_site_name":"Hilma af Klint Foundation","article_modified_time":"2026-01-02T11:17:02+00:00","twitter_card":"summary_large_image","twitter_misc":{"Ber\u00e4knad l\u00e4stid":"1 minut"},"schema":{"@context":"https:\/\/schema.org","@graph":[{"@type":"WebPage","@id":"https:\/\/hilmaafklint.se\/sv\/om-styrelsen\/","url":"https:\/\/hilmaafklint.se\/sv\/om-styrelsen\/","name":"Om styrelsen - Hilma af Klint Foundation","isPartOf":{"@id":"https:\/\/hilmaafklint.se\/sv\/#website"},"datePublished":"2024-02-08T10:37:47+00:00","dateModified":"2026-01-02T11:17:02+00:00","breadcrumb":{"@id":"https:\/\/hilmaafklint.se\/sv\/om-styrelsen\/#breadcrumb"},"inLanguage":"sv-SE","potentialAction":[{"@type":"ReadAction","target":["https:\/\/hilmaafklint.se\/sv\/om-styrelsen\/"]}]},{"@type":"BreadcrumbList","@id":"https:\/\/hilmaafklint.se\/sv\/om-styrelsen\/#breadcrumb","itemListElement":[{"@type":"ListItem","position":1,"name":"Home","item":"https:\/\/hilmaafklint.se\/sv\/"},{"@type":"ListItem","position":2,"name":"Om styrelsen"}]},{"@type":"WebSite","@id":"https:\/\/hilmaafklint.se\/sv\/#website","url":"https:\/\/hilmaafklint.se\/sv\/","name":"Hilma af Klint Foundation","description":"","publisher":{"@id":"https:\/\/hilmaafklint.se\/sv\/#organization"},"potentialAction":[{"@type":"SearchAction","target":{"@type":"EntryPoint","urlTemplate":"https:\/\/hilmaafklint.se\/sv\/?s={search_term_string}"},"query-input":"required name=search_term_string"}],"inLanguage":"sv-SE"},{"@type":"Organization","@id":"https:\/\/hilmaafklint.se\/sv\/#organization","name":"Hilma af Klint Foundation","url":"https:\/\/hilmaafklint.se\/sv\/","logo":{"@type":"ImageObject","inLanguage":"sv-SE","@id":"https:\/\/hilmaafklint.se\/sv\/#\/schema\/logo\/image\/","url":"https:\/\/hilmaafklint.se\/wp-content\/uploads\/2021\/11\/hak-logo-1.png","contentUrl":"https:\/\/hilmaafklint.se\/wp-content\/uploads\/2021\/11\/hak-logo-1.png","width":500,"height":124,"caption":"Hilma af Klint Foundation"},"image":{"@id":"https:\/\/hilmaafklint.se\/sv\/#\/schema\/logo\/image\/"}}]}},"_links":{"self":[{"href":"https:\/\/hilmaafklint.se\/sv\/wp-json\/wp\/v2\/pages\/2050","targetHints":{"allow":["GET"]}}],"collection":[{"href":"https:\/\/hilmaafklint.se\/sv\/wp-json\/wp\/v2\/pages"}],"about":[{"href":"https:\/\/hilmaafklint.se\/sv\/wp-json\/wp\/v2\/types\/page"}],"author":[{"embeddable":true,"href":"https:\/\/hilmaafklint.se\/sv\/wp-json\/wp\/v2\/users\/1"}],"replies":[{"embeddable":true,"href":"https:\/\/hilmaafklint.se\/sv\/wp-json\/wp\/v2\/comments?post=2050"}],"version-history":[{"count":52,"href":"https:\/\/hilmaafklint.se\/sv\/wp-json\/wp\/v2\/pages\/2050\/revisions"}],"predecessor-version":[{"id":2436,"href":"https:\/\/hilmaafklint.se\/sv\/wp-json\/wp\/v2\/pages\/2050\/revisions\/2436"}],"wp:attachment":[{"href":"https:\/\/hilmaafklint.se\/sv\/wp-json\/wp\/v2\/media?parent=2050"}],"curies":[{"name":"wp","href":"https:\/\/api.w.org\/{rel}","templated":true}]}}